{"id":114145,"date":"2022-01-14T12:17:44","date_gmt":"2022-01-14T11:17:44","guid":{"rendered":"https:\/\/imaginenailsparis.fr\/concept\/"},"modified":"2025-06-08T18:50:27","modified_gmt":"2025-06-08T16:50:27","slug":"concept","status":"publish","type":"page","link":"https:\/\/imaginenailsparis.fr\/en\/concept\/","title":{"rendered":"Concept"},"content":{"rendered":"<div class=\"wpb-content-wrapper\">[vc_section full_width=&#8221;stretch_row&#8221; disable_element=&#8221;yes&#8221; el_id=&#8221;aboutme&#8221; css=&#8221;.vc_custom_1749388172131{padding-top: 120px !important;background-position: center !important;background-repeat: no-repeat !important;background-size: cover !important;}&#8221;][vc_row css=&#8221;.vc_custom_1632583444096{padding-top: 45px !important;background-position: center !important;background-repeat: no-repeat !important;background-size: cover !important;}&#8221;][vc_column][vc_row_inner el_class=&#8221;contenair&#8221;][vc_column_inner width=&#8221;1\/2&#8243; css=&#8221;.vc_custom_1749230314304{background-image: url(https:\/\/imaginenailsparis.fr\/wp-content\/uploads\/2025\/06\/IMG_2364-2.jpg?id=119091) !important;background-position: center !important;background-repeat: no-repeat !important;background-size: contain !important;}&#8221;][vc_column_text el_id=&#8221;visio&#8221;]ABOUT ME[\/vc_column_text][vc_empty_space height=&#8221;350px&#8221;][\/vc_column_inner][vc_column_inner width=&#8221;1\/2&#8243; css=&#8221;.vc_custom_1632589765980{padding-left: 70px !important;}&#8221;][vc_column_text el_class=&#8221;titlescript&#8221;]Concept<\/p>\n<div id=\"gtx-trans\" style=\"position: absolute; left: 169px; top: 38px;\">\n<div class=\"gtx-trans-icon\"><\/div>\n<\/div>\n[\/vc_column_text][vc_column_text]\n<h2>Sublimer votre beaut\u00e9, relevez votre excellence<\/h2>\n[\/vc_column_text][vc_column_text]\n<p class=\"p1\"><span class=\"s1\">Imagine Nails<\/span> est n\u00e9e d\u2019une id\u00e9e claire : cr\u00e9er des soins qui r\u00e9pondent aux <span class=\"s1\">standards les plus \u00e9lev\u00e9s de performance et de sensorialit\u00e9<\/span>, sans compromis. Chaque formule est pens\u00e9e pour <span class=\"s1\">r\u00e9v\u00e9ler la beaut\u00e9 naturelle<\/span> de la peau et des cheveux, avec des r\u00e9sultats visibles, une application agr\u00e9able, et une finition soign\u00e9e.<\/p>\n<p class=\"p1\">Derri\u00e8re <span class=\"s1\">Imagine Nails<\/span>, il y a une vision : celle d\u2019une beaut\u00e9 <span class=\"s1\">confiante, pr\u00e9cise, assum\u00e9e<\/span>.<\/p>\n<p class=\"p3\"><span class=\"s2\">Chaque soin s\u2019adresse \u00e0 celles et ceux qui savent ce qu\u2019ils veulent : <\/span>des produits efficaces, agr\u00e9ables \u00e0 utiliser, avec une vraie diff\u00e9rence \u00e0 la cl\u00e9<span class=\"s2\">.<\/span><\/p>\n<p class=\"p1\">Nous s\u00e9lectionnons des <span class=\"s1\">actifs reconnus<\/span>, des <span class=\"s1\">textures \u00e9l\u00e9gantes<\/span>, et des <span class=\"s1\">parfums subtils<\/span>, pour transformer chaque \u00e9tape de soin en un moment de plaisir ma\u00eetris\u00e9.<\/p>\n<p class=\"p1\">Notre approche est exigeante, notre d\u00e9marche est claire : <span class=\"s1\">offrir des soins qui tiennent leurs promesses<\/span>.<\/p>\n<p class=\"p3\">Imagine Nails<span class=\"s2\">, c\u2019est la <\/span>ma\u00eetrise cosm\u00e9tique<span class=\"s2\">, le <\/span>raffinement de la formulation<span class=\"s2\">, et <\/span>l\u2019exigence du r\u00e9sultat<span class=\"s2\">.<\/span><\/p>\n<hr \/>\n[\/vc_column_text][\/vc_column_inner][\/vc_row_inner][\/vc_column][\/vc_row][\/vc_section][vc_row et_full_width=&#8221;true&#8221; et_row_padding=&#8221;true&#8221;][vc_column][vc_column_text]\n<p class=\"p1\">   <section id=\"section-concept-ed64\" class=\"section-concept-ed64\">\n     <div class=\"concept-container\">\n       <div class=\"concept-left\">\n         <div class=\"about-label-vertical\">About me<\/div>\n         <img data-recalc-dims=\"1\" decoding=\"async\" src=\"https:\/\/i0.wp.com\/imaginenailsparis.fr\/wp-content\/uploads\/2025\/06\/IMG_2364-2.jpg?w=1140&#038;ssl=1\" alt=\"Terrasse m\u00e9diterran\u00e9enne\" class=\"concept-image\">\n       <\/div>\n       <div class=\"concept-right\">\n         <h3 class=\"concept-subtitle\">Concept<\/h3>\n         <h1 class=\"concept-title\">Sublimate your beauty, elevate your excellence.<\/h1>\n         <p class=\"concept-paragraph\">Imagine Nails was born from a clear idea: to create products that meet the highest standards of performance and sensoriality, without compromise. Each formula is designed to reveal the natural beauty of the skin and hair, with visible results, a pleasant application, and a polished finish. Behind Imagine Nails, there is a vision: that of confident, precise, and assertive beauty. Each product is aimed at those who know what they want: effective, enjoyable products that make a real difference. We select recognized active ingredients, elegant textures, and subtle fragrances to transform each care step into a moment of controlled pleasure. Our approach is demanding, our process is clear: to offer products that keep their promises. Imagine Nails represents cosmetic mastery, the refinement of formulation, and the demand for results.<\/p>\n         <hr class=\"concept-divider\">\n       <\/div>\n     <\/div>\n   <\/section>\n   \n[\/vc_column_text][vc_column_text]\n<p class=\"p1\">   <section class=\"section-editorial-duo-aa7f\" id=\"section-editorial-duo-aa7f\">\n     <div class=\"editorial-container\">\n       <img data-recalc-dims=\"1\" decoding=\"async\" \n         src=\"https:\/\/i0.wp.com\/imaginenailsparis.fr\/wp-content\/uploads\/2025\/06\/IMG_2377.jpg?w=1140&#038;ssl=1\" \n         alt=\"Portrait \u00e9ditorial mobile\" \n         class=\"editorial-img mobile-only\" \n       \/>\n       <div class=\"editorial-desktop-images desktop-only\">\n         <img data-recalc-dims=\"1\" decoding=\"async\" \n           src=\"https:\/\/i0.wp.com\/imaginenailsparis.fr\/wp-content\/uploads\/2025\/06\/pexels-anastasia-shuraeva-5126698-scaled.jpg?w=1140&#038;ssl=1\" \n           alt=\"Portrait 1\" \n           class=\"editorial-img framed\" \n         \/>\n         <img data-recalc-dims=\"1\" decoding=\"async\" \n           src=\"https:\/\/i0.wp.com\/imaginenailsparis.fr\/wp-content\/uploads\/2025\/06\/pexels-anastasia-shuraeva-5126987-scaled.jpg?w=1140&#038;ssl=1\" \n           alt=\"Portrait 2\" \n           class=\"editorial-img framed\" \n         \/>\n       <\/div>\n     <\/div>\n   <\/section>\n   \n[\/vc_column_text][\/vc_column][\/vc_row][vc_section full_width=&#8221;stretch_row&#8221; disable_element=&#8221;yes&#8221; el_id=&#8221;Bachelor&#8221; css=&#8221;.vc_custom_1749385665947{background-color: #232323 !important;}&#8221;][vc_row el_class=&#8221;container&#8221;][vc_column width=&#8221;1\/2&#8243; el_class=&#8221;white&#8221;][vc_column_text]<img data-recalc-dims=\"1\" loading=\"lazy\" decoding=\"async\" class=\"alignnone size-full wp-image-119089\" src=\"https:\/\/i0.wp.com\/imaginenailsparis.fr\/wp-content\/uploads\/2025\/06\/f23cd756-26d3-4041-afbf-7509cf93e856.jpg?resize=1081%2C1600&#038;ssl=1\" alt=\"\" width=\"1081\" height=\"1600\" srcset=\"https:\/\/i0.wp.com\/imaginenailsparis.fr\/wp-content\/uploads\/2025\/06\/f23cd756-26d3-4041-afbf-7509cf93e856.jpg?w=1081&amp;ssl=1 1081w, https:\/\/i0.wp.com\/imaginenailsparis.fr\/wp-content\/uploads\/2025\/06\/f23cd756-26d3-4041-afbf-7509cf93e856.jpg?resize=203%2C300&amp;ssl=1 203w, https:\/\/i0.wp.com\/imaginenailsparis.fr\/wp-content\/uploads\/2025\/06\/f23cd756-26d3-4041-afbf-7509cf93e856.jpg?resize=692%2C1024&amp;ssl=1 692w, https:\/\/i0.wp.com\/imaginenailsparis.fr\/wp-content\/uploads\/2025\/06\/f23cd756-26d3-4041-afbf-7509cf93e856.jpg?resize=768%2C1137&amp;ssl=1 768w, https:\/\/i0.wp.com\/imaginenailsparis.fr\/wp-content\/uploads\/2025\/06\/f23cd756-26d3-4041-afbf-7509cf93e856.jpg?resize=1038%2C1536&amp;ssl=1 1038w, https:\/\/i0.wp.com\/imaginenailsparis.fr\/wp-content\/uploads\/2025\/06\/f23cd756-26d3-4041-afbf-7509cf93e856.jpg?resize=101%2C150&amp;ssl=1 101w, https:\/\/i0.wp.com\/imaginenailsparis.fr\/wp-content\/uploads\/2025\/06\/f23cd756-26d3-4041-afbf-7509cf93e856.jpg?resize=900%2C1332&amp;ssl=1 900w\" sizes=\"auto, (max-width: 1081px) 100vw, 1081px\" \/>[\/vc_column_text][\/vc_column][vc_column width=&#8221;1\/2&#8243;][vc_column_text]<img data-recalc-dims=\"1\" loading=\"lazy\" decoding=\"async\" class=\"alignnone size-full wp-image-119085\" src=\"https:\/\/i0.wp.com\/imaginenailsparis.fr\/wp-content\/uploads\/2025\/06\/WhatsApp-Image-2025-04-09-at-15.04.52-1-3.jpeg?resize=1140%2C1597&#038;ssl=1\" alt=\"\" width=\"1140\" height=\"1597\" srcset=\"https:\/\/i0.wp.com\/imaginenailsparis.fr\/wp-content\/uploads\/2025\/06\/WhatsApp-Image-2025-04-09-at-15.04.52-1-3.jpeg?w=1142&amp;ssl=1 1142w, https:\/\/i0.wp.com\/imaginenailsparis.fr\/wp-content\/uploads\/2025\/06\/WhatsApp-Image-2025-04-09-at-15.04.52-1-3.jpeg?resize=214%2C300&amp;ssl=1 214w, https:\/\/i0.wp.com\/imaginenailsparis.fr\/wp-content\/uploads\/2025\/06\/WhatsApp-Image-2025-04-09-at-15.04.52-1-3.jpeg?resize=731%2C1024&amp;ssl=1 731w, https:\/\/i0.wp.com\/imaginenailsparis.fr\/wp-content\/uploads\/2025\/06\/WhatsApp-Image-2025-04-09-at-15.04.52-1-3.jpeg?resize=768%2C1076&amp;ssl=1 768w, https:\/\/i0.wp.com\/imaginenailsparis.fr\/wp-content\/uploads\/2025\/06\/WhatsApp-Image-2025-04-09-at-15.04.52-1-3.jpeg?resize=1096%2C1536&amp;ssl=1 1096w, https:\/\/i0.wp.com\/imaginenailsparis.fr\/wp-content\/uploads\/2025\/06\/WhatsApp-Image-2025-04-09-at-15.04.52-1-3.jpeg?resize=107%2C150&amp;ssl=1 107w, https:\/\/i0.wp.com\/imaginenailsparis.fr\/wp-content\/uploads\/2025\/06\/WhatsApp-Image-2025-04-09-at-15.04.52-1-3.jpeg?resize=900%2C1261&amp;ssl=1 900w\" sizes=\"auto, (max-width: 1140px) 100vw, 1140px\" \/>[\/vc_column_text][\/vc_column][\/vc_row][\/vc_section]\n<\/div>","protected":false},"excerpt":{"rendered":"<p>[vc_section full_width=&#8221;stretch_row&#8221; disable_element=&#8221;yes&#8221; el_id=&#8221;aboutme&#8221; css=&#8221;.vc_custom_1749388172131{padding-top: 120px !important;background-position: center !important;background-repeat: no-repeat !important;background-size: cover !important;}&#8221;][vc_row css=&#8221;.vc_custom_1632583444096{padding-top: 45px !important;background-position: center !important;background-repeat: no-repeat !important;background-size: cover !important;}&#8221;][vc_column][vc_row_inner el_class=&#8221;contenair&#8221;][vc_column_inner width=&#8221;1\/2&#8243; css=&#8221;.vc_custom_1749230314304{background-image: url(https:\/\/imaginenailsparis.fr\/wp-content\/uploads\/2025\/06\/IMG_2364-2.jpg?id=119091) !important;background-position: center !important;background-repeat: no-repeat !important;background-size: contain !important;}&#8221;][vc_column_text el_id=&#8221;visio&#8221;]ABOUT ME[\/vc_column_text][vc_empty_space height=&#8221;350px&#8221;][\/vc_column_inner][vc_column_inner width=&#8221;1\/2&#8243; css=&#8221;.vc_custom_1632589765980{padding-left: 70px !important;}&#8221;][vc_column_text el_class=&#8221;titlescript&#8221;]Concept [\/vc_column_text][vc_column_text] Sublimer votre beaut\u00e9, relevez votre excellence [\/vc_column_text][vc_column_text] Imagine [&hellip;]<\/p>\n","protected":false},"author":1,"featured_media":0,"parent":0,"menu_order":0,"comment_status":"closed","ping_status":"closed","template":"","meta":{"footnotes":""},"class_list":["post-114145","page","type-page","status-publish","hentry"],"acf":[],"yoast_head":"<!-- This site is optimized with the Yoast SEO plugin v24.3 - https:\/\/yoast.com\/wordpress\/plugins\/seo\/ -->\n<title>Concept - IMAGINE NAILS<\/title>\n<meta name=\"robots\" content=\"index, follow, max-snippet:-1, max-image-preview:large, max-video-preview:-1\" \/>\n<link rel=\"canonical\" href=\"https:\/\/imaginenailsparis.fr\/en\/concept\/\" \/>\n<meta property=\"og:locale\" content=\"en_US\" \/>\n<meta property=\"og:type\" content=\"article\" \/>\n<meta property=\"og:title\" content=\"Concept - IMAGINE NAILS\" \/>\n<meta property=\"og:description\" content=\"[vc_section full_width=&#8221;stretch_row&#8221; disable_element=&#8221;yes&#8221; el_id=&#8221;aboutme&#8221; css=&#8221;.vc_custom_1749388172131{padding-top: 120px !important;background-position: center !important;background-repeat: no-repeat !important;background-size: cover !important;}&#8221;][vc_row css=&#8221;.vc_custom_1632583444096{padding-top: 45px !important;background-position: center !important;background-repeat: no-repeat !important;background-size: cover !important;}&#8221;][vc_column][vc_row_inner el_class=&#8221;contenair&#8221;][vc_column_inner width=&#8221;1\/2&#8243; css=&#8221;.vc_custom_1749230314304{background-image: url(https:\/\/imaginenailsparis.fr\/wp-content\/uploads\/2025\/06\/IMG_2364-2.jpg?id=119091) !important;background-position: center !important;background-repeat: no-repeat !important;background-size: contain !important;}&#8221;][vc_column_text el_id=&#8221;visio&#8221;]ABOUT ME[\/vc_column_text][vc_empty_space height=&#8221;350px&#8221;][\/vc_column_inner][vc_column_inner width=&#8221;1\/2&#8243; css=&#8221;.vc_custom_1632589765980{padding-left: 70px !important;}&#8221;][vc_column_text el_class=&#8221;titlescript&#8221;]Concept [\/vc_column_text][vc_column_text] Sublimer votre beaut\u00e9, relevez votre excellence [\/vc_column_text][vc_column_text] Imagine [&hellip;]\" \/>\n<meta property=\"og:url\" content=\"https:\/\/imaginenailsparis.fr\/en\/concept\/\" \/>\n<meta property=\"og:site_name\" content=\"IMAGINE NAILS\" \/>\n<meta property=\"article:modified_time\" content=\"2025-06-08T16:50:27+00:00\" \/>\n<meta property=\"og:image\" content=\"https:\/\/imaginenailsparis.fr\/wp-content\/uploads\/2025\/06\/f23cd756-26d3-4041-afbf-7509cf93e856.jpg\" \/>\n<meta name=\"twitter:card\" content=\"summary_large_image\" \/>\n<meta name=\"twitter:label1\" content=\"Est. reading time\" \/>\n\t<meta name=\"twitter:data1\" content=\"2 minutes\" \/>\n<script type=\"application\/ld+json\" class=\"yoast-schema-graph\">{\"@context\":\"https:\/\/schema.org\",\"@graph\":[{\"@type\":\"WebPage\",\"@id\":\"https:\/\/imaginenailsparis.fr\/en\/concept\/\",\"url\":\"https:\/\/imaginenailsparis.fr\/en\/concept\/\",\"name\":\"Concept - IMAGINE NAILS\",\"isPartOf\":{\"@id\":\"https:\/\/imaginenailsparis.fr\/en\/#website\"},\"primaryImageOfPage\":{\"@id\":\"https:\/\/imaginenailsparis.fr\/en\/concept\/#primaryimage\"},\"image\":{\"@id\":\"https:\/\/imaginenailsparis.fr\/en\/concept\/#primaryimage\"},\"thumbnailUrl\":\"https:\/\/imaginenailsparis.fr\/wp-content\/uploads\/2025\/06\/f23cd756-26d3-4041-afbf-7509cf93e856.jpg\",\"datePublished\":\"2022-01-14T11:17:44+00:00\",\"dateModified\":\"2025-06-08T16:50:27+00:00\",\"breadcrumb\":{\"@id\":\"https:\/\/imaginenailsparis.fr\/en\/concept\/#breadcrumb\"},\"inLanguage\":\"en-US\",\"potentialAction\":[{\"@type\":\"ReadAction\",\"target\":[\"https:\/\/imaginenailsparis.fr\/en\/concept\/\"]}]},{\"@type\":\"ImageObject\",\"inLanguage\":\"en-US\",\"@id\":\"https:\/\/imaginenailsparis.fr\/en\/concept\/#primaryimage\",\"url\":\"https:\/\/imaginenailsparis.fr\/wp-content\/uploads\/2025\/06\/f23cd756-26d3-4041-afbf-7509cf93e856.jpg\",\"contentUrl\":\"https:\/\/imaginenailsparis.fr\/wp-content\/uploads\/2025\/06\/f23cd756-26d3-4041-afbf-7509cf93e856.jpg\"},{\"@type\":\"BreadcrumbList\",\"@id\":\"https:\/\/imaginenailsparis.fr\/en\/concept\/#breadcrumb\",\"itemListElement\":[{\"@type\":\"ListItem\",\"position\":1,\"name\":\"Accueil\",\"item\":\"https:\/\/imaginenailsparis.fr\/en\/\"},{\"@type\":\"ListItem\",\"position\":2,\"name\":\"Concept\"}]},{\"@type\":\"WebSite\",\"@id\":\"https:\/\/imaginenailsparis.fr\/en\/#website\",\"url\":\"https:\/\/imaginenailsparis.fr\/en\/\",\"name\":\"IMAGINE NAILS\",\"description\":\"L&#039;excellence sinon rien\",\"potentialAction\":[{\"@type\":\"SearchAction\",\"target\":{\"@type\":\"EntryPoint\",\"urlTemplate\":\"https:\/\/imaginenailsparis.fr\/en\/?s={search_term_string}\"},\"query-input\":{\"@type\":\"PropertyValueSpecification\",\"valueRequired\":true,\"valueName\":\"search_term_string\"}}],\"inLanguage\":\"en-US\"}]}<\/script>\n<!-- \/ Yoast SEO plugin. -->","yoast_head_json":{"title":"Concept - IMAGINE NAILS","robots":{"index":"index","follow":"follow","max-snippet":"max-snippet:-1","max-image-preview":"max-image-preview:large","max-video-preview":"max-video-preview:-1"},"canonical":"https:\/\/imaginenailsparis.fr\/en\/concept\/","og_locale":"en_US","og_type":"article","og_title":"Concept - IMAGINE NAILS","og_description":"[vc_section full_width=&#8221;stretch_row&#8221; disable_element=&#8221;yes&#8221; el_id=&#8221;aboutme&#8221; css=&#8221;.vc_custom_1749388172131{padding-top: 120px !important;background-position: center !important;background-repeat: no-repeat !important;background-size: cover !important;}&#8221;][vc_row css=&#8221;.vc_custom_1632583444096{padding-top: 45px !important;background-position: center !important;background-repeat: no-repeat !important;background-size: cover !important;}&#8221;][vc_column][vc_row_inner el_class=&#8221;contenair&#8221;][vc_column_inner width=&#8221;1\/2&#8243; css=&#8221;.vc_custom_1749230314304{background-image: url(https:\/\/imaginenailsparis.fr\/wp-content\/uploads\/2025\/06\/IMG_2364-2.jpg?id=119091) !important;background-position: center !important;background-repeat: no-repeat !important;background-size: contain !important;}&#8221;][vc_column_text el_id=&#8221;visio&#8221;]ABOUT ME[\/vc_column_text][vc_empty_space height=&#8221;350px&#8221;][\/vc_column_inner][vc_column_inner width=&#8221;1\/2&#8243; css=&#8221;.vc_custom_1632589765980{padding-left: 70px !important;}&#8221;][vc_column_text el_class=&#8221;titlescript&#8221;]Concept [\/vc_column_text][vc_column_text] Sublimer votre beaut\u00e9, relevez votre excellence [\/vc_column_text][vc_column_text] Imagine [&hellip;]","og_url":"https:\/\/imaginenailsparis.fr\/en\/concept\/","og_site_name":"IMAGINE NAILS","article_modified_time":"2025-06-08T16:50:27+00:00","og_image":[{"url":"https:\/\/imaginenailsparis.fr\/wp-content\/uploads\/2025\/06\/f23cd756-26d3-4041-afbf-7509cf93e856.jpg","type":"","width":"","height":""}],"twitter_card":"summary_large_image","twitter_misc":{"Est. reading time":"2 minutes"},"schema":{"@context":"https:\/\/schema.org","@graph":[{"@type":"WebPage","@id":"https:\/\/imaginenailsparis.fr\/en\/concept\/","url":"https:\/\/imaginenailsparis.fr\/en\/concept\/","name":"Concept - IMAGINE NAILS","isPartOf":{"@id":"https:\/\/imaginenailsparis.fr\/en\/#website"},"primaryImageOfPage":{"@id":"https:\/\/imaginenailsparis.fr\/en\/concept\/#primaryimage"},"image":{"@id":"https:\/\/imaginenailsparis.fr\/en\/concept\/#primaryimage"},"thumbnailUrl":"https:\/\/imaginenailsparis.fr\/wp-content\/uploads\/2025\/06\/f23cd756-26d3-4041-afbf-7509cf93e856.jpg","datePublished":"2022-01-14T11:17:44+00:00","dateModified":"2025-06-08T16:50:27+00:00","breadcrumb":{"@id":"https:\/\/imaginenailsparis.fr\/en\/concept\/#breadcrumb"},"inLanguage":"en-US","potentialAction":[{"@type":"ReadAction","target":["https:\/\/imaginenailsparis.fr\/en\/concept\/"]}]},{"@type":"ImageObject","inLanguage":"en-US","@id":"https:\/\/imaginenailsparis.fr\/en\/concept\/#primaryimage","url":"https:\/\/imaginenailsparis.fr\/wp-content\/uploads\/2025\/06\/f23cd756-26d3-4041-afbf-7509cf93e856.jpg","contentUrl":"https:\/\/imaginenailsparis.fr\/wp-content\/uploads\/2025\/06\/f23cd756-26d3-4041-afbf-7509cf93e856.jpg"},{"@type":"BreadcrumbList","@id":"https:\/\/imaginenailsparis.fr\/en\/concept\/#breadcrumb","itemListElement":[{"@type":"ListItem","position":1,"name":"Accueil","item":"https:\/\/imaginenailsparis.fr\/en\/"},{"@type":"ListItem","position":2,"name":"Concept"}]},{"@type":"WebSite","@id":"https:\/\/imaginenailsparis.fr\/en\/#website","url":"https:\/\/imaginenailsparis.fr\/en\/","name":"IMAGINE NAILS","description":"L&#039;excellence sinon rien","potentialAction":[{"@type":"SearchAction","target":{"@type":"EntryPoint","urlTemplate":"https:\/\/imaginenailsparis.fr\/en\/?s={search_term_string}"},"query-input":{"@type":"PropertyValueSpecification","valueRequired":true,"valueName":"search_term_string"}}],"inLanguage":"en-US"}]}},"_links":{"self":[{"href":"https:\/\/imaginenailsparis.fr\/en\/wp-json\/wp\/v2\/pages\/114145","targetHints":{"allow":["GET"]}}],"collection":[{"href":"https:\/\/imaginenailsparis.fr\/en\/wp-json\/wp\/v2\/pages"}],"about":[{"href":"https:\/\/imaginenailsparis.fr\/en\/wp-json\/wp\/v2\/types\/page"}],"author":[{"embeddable":true,"href":"https:\/\/imaginenailsparis.fr\/en\/wp-json\/wp\/v2\/users\/1"}],"replies":[{"embeddable":true,"href":"https:\/\/imaginenailsparis.fr\/en\/wp-json\/wp\/v2\/comments?post=114145"}],"version-history":[{"count":3,"href":"https:\/\/imaginenailsparis.fr\/en\/wp-json\/wp\/v2\/pages\/114145\/revisions"}],"predecessor-version":[{"id":119232,"href":"https:\/\/imaginenailsparis.fr\/en\/wp-json\/wp\/v2\/pages\/114145\/revisions\/119232"}],"wp:attachment":[{"href":"https:\/\/imaginenailsparis.fr\/en\/wp-json\/wp\/v2\/media?parent=114145"}],"curies":[{"name":"wp","href":"https:\/\/api.w.org\/{rel}","templated":true}]}}