{"id":114422,"date":"2022-01-14T12:19:42","date_gmt":"2022-01-14T11:19:42","guid":{"rendered":"https:\/\/imaginenailsparis.fr\/our-commitments\/"},"modified":"2025-06-08T18:57:40","modified_gmt":"2025-06-08T16:57:40","slug":"our-commitments","status":"publish","type":"page","link":"https:\/\/imaginenailsparis.fr\/en\/our-commitments\/","title":{"rendered":"Our commitments"},"content":{"rendered":"<div class=\"wpb-content-wrapper\">[vc_row][vc_column][vc_column_text]   <!-- SECTION START -->\n   <section id=\"section-engagements-nature-01\" class=\"section-engagements-nature-01 fade-up\">\n     <div class=\"engagements-container-nature-01\">\n       <div class=\"engagements-header-nature-01\">\n         <span class=\"engagements-brand-nature-01\">IMAGINE NAILS<\/span>\n         <h2 class=\"engagements-title-nature-01\">OUR COMMITMENTS<\/h2>\n       <\/div>\n       <div class=\"engagements-content-nature-01\">\n         <div class=\"engagements-column-nature-01\">\n           <p>At IMAGINE NAILS, each formula is conceived as a tribute to the skin. For several years, we have been developing care products that combine rigor, refinement, and effectiveness, with extreme attention paid to textures, active ingredients, and sensoriality. Our commitment is based on a strong belief: the skin deserves the best, without compromise. Our products are designed with rigorously selected ingredients, in compliance with the strictest standards, and suitable for all skin tones.<\/p>\n         <\/div>\n         <div class=\"engagements-column-nature-01\">\n           <p>Each IMAGINE NAILS treatment serves a dual purpose: to naturally enhance the skin while respecting its uniqueness. At the heart of our approach: innovation, excellence in formulation, and a deep respect for authenticity. We believe in true beauty, embodied, far from artifice, conveyed through conscious and elegant rituals. IMAGINE NAILS is more than a routine: it is a gesture of respect towards oneself, a daily luxury.<\/p>\n         <\/div>\n       <\/div>\n       <div class=\"engagements-image-wrapper-nature-01\">\n         <img data-recalc-dims=\"1\" decoding=\"async\" src=\"https:\/\/i0.wp.com\/imaginenailsparis.fr\/wp-content\/uploads\/2025\/06\/pexels-anastasia-shuraeva-5127020-scaled.jpg?w=1140&#038;ssl=1\" alt=\"Visages sublimes\" class=\"engagements-image-nature-01\">\n       <\/div>\n     <\/div>\n   <\/section>\n   <!-- SECTION END -->\n   [\/vc_column_text][\/vc_column][\/vc_row][vc_section full_width=&#8221;stretch_row_content&#8221; disable_element=&#8221;yes&#8221; el_class=&#8221;videoservices&#8221;][vc_row et_full_width=&#8221;true&#8221; css=&#8221;.vc_custom_1656058852298{background-position: center !important;background-repeat: no-repeat !important;background-size: cover !important;}&#8221;][vc_column css=&#8221;.vc_custom_1642344785539{background-image: url(https:\/\/lystes.com\/emmagencyparis\/wp-content\/uploads\/2022\/01\/gettyimages-1177822590.jpeg?id=749) !important;background-position: center !important;background-repeat: no-repeat !important;background-size: cover !important;}&#8221;][vc_empty_space height=&#8221;442px&#8221;][\/vc_column][\/vc_row][vc_row el_class=&#8221;blockoo&#8221;][vc_column el_class=&#8221;container&#8221;][vc_column_text]\n<h4 style=\"text-align: center;\">IMAGINE NAILS<\/h4>\n<div id=\"gtx-trans\" style=\"position: absolute; left: 243px; top: 43.2734px;\">\n<div class=\"gtx-trans-icon\"><\/div>\n<\/div>\n[\/vc_column_text][vc_column_text]\n<h1 style=\"text-align: center;\">Nos engagements<\/h1>\n[\/vc_column_text][vc_row_inner][vc_column_inner width=&#8221;1\/2&#8243;][vc_column_text]\n<p class=\"p1\">Chez <span class=\"s1\"><b>IMAGINE NAILS<\/b><\/span>, chaque formule est pens\u00e9e comme un hommage \u00e0 la peau. Depuis plusieurs ann\u00e9es, nous d\u00e9veloppons des soins qui allient exigence, raffinement et efficacit\u00e9, avec une attention extr\u00eame port\u00e9e aux textures, aux actifs, et \u00e0 la sensorialit\u00e9.<\/p>\n<p class=\"p1\">Notre engagement repose sur une conviction forte : la peau m\u00e9rite ce qu\u2019il y a de mieux, sans compromis. Nos produits sont con\u00e7us avec des ingr\u00e9dients rigoureusement s\u00e9lectionn\u00e9s, dans le respect des normes les plus strictes, et adapt\u00e9s \u00e0 toutes les carnations.<\/p>\n[\/vc_column_text][\/vc_column_inner][vc_column_inner width=&#8221;1\/2&#8243;][vc_column_text]\n<p class=\"p1\">Chaque soin IMAGINE NAILS r\u00e9pond \u00e0 un double objectif : sublimer naturellement la peau tout en respectant sa singularit\u00e9.<\/p>\n<p class=\"p1\">Au c\u0153ur de notre d\u00e9marche : l\u2019innovation, l\u2019excellence formulatoire et le respect profond de l\u2019authenticit\u00e9. Nous croyons en une beaut\u00e9 vraie, incarn\u00e9e, loin des artifices, port\u00e9e par des rituels conscients et \u00e9l\u00e9gants.<\/p>\n<p class=\"p1\"><span class=\"s1\"><b>IMAGINE NAILS<\/b><\/span>, c\u2019est plus qu\u2019une routine : c\u2019est un geste de respect envers soi, un luxe quotidien.<\/p>\n[\/vc_column_text][\/vc_column_inner][\/vc_row_inner][vc_column_text css=&#8221;.vc_custom_1749235819189{padding-top: 50px !important;}&#8221;]<img data-recalc-dims=\"1\" loading=\"lazy\" decoding=\"async\" class=\"alignnone size-full wp-image-119087\" src=\"https:\/\/i0.wp.com\/imaginenailsparis.fr\/wp-content\/uploads\/2025\/06\/freepik__two-ultrafeminine-ultra-beauty-black-american-fema__96041-2-scaled.png?resize=1140%2C570&#038;ssl=1\" alt=\"\" width=\"1140\" height=\"570\" srcset=\"https:\/\/i0.wp.com\/imaginenailsparis.fr\/wp-content\/uploads\/2025\/06\/freepik__two-ultrafeminine-ultra-beauty-black-american-fema__96041-2-scaled.png?w=2560&amp;ssl=1 2560w, https:\/\/i0.wp.com\/imaginenailsparis.fr\/wp-content\/uploads\/2025\/06\/freepik__two-ultrafeminine-ultra-beauty-black-american-fema__96041-2-scaled.png?resize=300%2C150&amp;ssl=1 300w, https:\/\/i0.wp.com\/imaginenailsparis.fr\/wp-content\/uploads\/2025\/06\/freepik__two-ultrafeminine-ultra-beauty-black-american-fema__96041-2-scaled.png?resize=1024%2C512&amp;ssl=1 1024w, https:\/\/i0.wp.com\/imaginenailsparis.fr\/wp-content\/uploads\/2025\/06\/freepik__two-ultrafeminine-ultra-beauty-black-american-fema__96041-2-scaled.png?resize=768%2C384&amp;ssl=1 768w, https:\/\/i0.wp.com\/imaginenailsparis.fr\/wp-content\/uploads\/2025\/06\/freepik__two-ultrafeminine-ultra-beauty-black-american-fema__96041-2-scaled.png?resize=1536%2C768&amp;ssl=1 1536w, https:\/\/i0.wp.com\/imaginenailsparis.fr\/wp-content\/uploads\/2025\/06\/freepik__two-ultrafeminine-ultra-beauty-black-american-fema__96041-2-scaled.png?resize=2048%2C1024&amp;ssl=1 2048w, https:\/\/i0.wp.com\/imaginenailsparis.fr\/wp-content\/uploads\/2025\/06\/freepik__two-ultrafeminine-ultra-beauty-black-american-fema__96041-2-scaled.png?resize=150%2C75&amp;ssl=1 150w, https:\/\/i0.wp.com\/imaginenailsparis.fr\/wp-content\/uploads\/2025\/06\/freepik__two-ultrafeminine-ultra-beauty-black-american-fema__96041-2-scaled.png?resize=900%2C450&amp;ssl=1 900w, https:\/\/i0.wp.com\/imaginenailsparis.fr\/wp-content\/uploads\/2025\/06\/freepik__two-ultrafeminine-ultra-beauty-black-american-fema__96041-2-scaled.png?w=2280&amp;ssl=1 2280w\" sizes=\"auto, (max-width: 1140px) 100vw, 1140px\" \/>[\/vc_column_text][\/vc_column][\/vc_row][vc_row et_full_width=&#8221;true&#8221; css=&#8221;.vc_custom_1656058852298{background-position: center !important;background-repeat: no-repeat !important;background-size: cover !important;}&#8221;][vc_column css=&#8221;.vc_custom_1642344785539{background-image: url(https:\/\/lystes.com\/emmagencyparis\/wp-content\/uploads\/2022\/01\/gettyimages-1177822590.jpeg?id=749) !important;background-position: center !important;background-repeat: no-repeat !important;background-size: cover !important;}&#8221;][vc_empty_space height=&#8221;42px&#8221;][\/vc_column][\/vc_row][\/vc_section][vc_section disable_element=&#8221;yes&#8221; el_id=&#8221;servicefeature&#8221;][vc_row][vc_column][vc_row_inner el_class=&#8221;mini-container&#8221;][vc_column_inner width=&#8221;1\/2&#8243;][vc_column_text]\n<h3>Diagnostic et accompagnement<\/h3>\n[\/vc_column_text][vc_column_text]\n<div class=\"str-id strd\" data-tran=\"intro_4\" data-tr=\"fadeIn\">\n<div class=\"sie-intro_4 se \" data-sid=\"intro_4\">\n<p>Etre \u00e0 l\u2019\u00e9coute de vos d\u00e9sirs, de vos doutes et de vos interrogations, c\u2019est pour nous une seconde nature qui nous porte \u00e0 vous apporter la meilleure prestation possible. Vos remarques et commentaires nous stimulent et nous encouragent. Ils nous conduisent \u00e0 am\u00e9liorer sans cesse la qualit\u00e9 de nos perruques, \u00e0 cr\u00e9er de nouvelles collections, \u00e0 d\u00e9velopper de nouvelles techniques de traitement des cheveux et de fabrication de nos mod\u00e8les.<\/p>\n<p>Chacun d\u2019entre vous est unique. Voil\u00e0 pourquoi notre accompagnement est si personnel, si attentif au cheminement de votre choix jusqu\u2019\u00e0 la commande et bien au-del\u00e0, quand la perruque sera arriv\u00e9e \u00e0 votre domicile. Nous comprenons qu\u2019il soit difficile pour certaines de commander un produit sur internet sans l\u2019avoir vu ou touch\u00e9. Il ne suffit pas de choisir la coupe et le type de cheveux, il est essentiel de poser les bonnes questions pour que la perruque s\u2019adapte \u00e0 vos exigences et \u00e0 votre style de vie. Nous avons fait\u00a0 en sorte que le site de Mai\u2019s Secrets soit le plus complet possible et \u00e0 votre enti\u00e8re disposition avant, pendant et apr\u00e8s votre achat.<\/p>\n<p>Alors n\u2019h\u00e9sitez pas \u00e0 nous contacter.<\/p>\n<\/div>\n<\/div>\n[\/vc_column_text][\/vc_column_inner][vc_column_inner width=&#8221;1\/2&#8243;][vc_column_text]<img data-recalc-dims=\"1\" loading=\"lazy\" decoding=\"async\" class=\"alignnone size-full wp-image-2017\" src=\"https:\/\/i0.wp.com\/sevmylook.lystes.prowp-content\/uploads\/2022\/06\/1_1200x.webp?resize=1140%2C1452&#038;ssl=1\" alt=\"\" width=\"1140\" height=\"1452\" \/>[\/vc_column_text][\/vc_column_inner][\/vc_row_inner][\/vc_column][\/vc_row][\/vc_section]\n<\/div>","protected":false},"excerpt":{"rendered":"<p>[vc_row][vc_column][vc_column_text][\/vc_column_text][\/vc_column][\/vc_row][vc_section full_width=&#8221;stretch_row_content&#8221; disable_element=&#8221;yes&#8221; el_class=&#8221;videoservices&#8221;][vc_row et_full_width=&#8221;true&#8221; css=&#8221;.vc_custom_1656058852298{background-position: center !important;background-repeat: no-repeat !important;background-size: cover !important;}&#8221;][vc_column css=&#8221;.vc_custom_1642344785539{background-image: url(https:\/\/lystes.com\/emmagencyparis\/wp-content\/uploads\/2022\/01\/gettyimages-1177822590.jpeg?id=749) !important;background-position: center !important;background-repeat: no-repeat !important;background-size: cover !important;}&#8221;][vc_empty_space height=&#8221;442px&#8221;][\/vc_column][\/vc_row][vc_row el_class=&#8221;blockoo&#8221;][vc_column el_class=&#8221;container&#8221;][vc_column_text] IMAGINE NAILS [\/vc_column_text][vc_column_text] Nos engagements [\/vc_column_text][vc_row_inner][vc_column_inner width=&#8221;1\/2&#8243;][vc_column_text] Chez IMAGINE NAILS, chaque formule est pens\u00e9e comme un hommage \u00e0 la peau. Depuis plusieurs ann\u00e9es, nous d\u00e9veloppons des [&hellip;]<\/p>\n","protected":false},"author":1,"featured_media":114423,"parent":0,"menu_order":0,"comment_status":"closed","ping_status":"closed","template":"","meta":{"footnotes":""},"class_list":["post-114422","page","type-page","status-publish","has-post-thumbnail","hentry"],"acf":[],"yoast_head":"<!-- This site is optimized with the Yoast SEO plugin v24.3 - https:\/\/yoast.com\/wordpress\/plugins\/seo\/ -->\n<title>Our commitments - IMAGINE NAILS<\/title>\n<meta name=\"robots\" content=\"index, follow, max-snippet:-1, max-image-preview:large, max-video-preview:-1\" \/>\n<link rel=\"canonical\" href=\"https:\/\/imaginenailsparis.fr\/en\/our-commitments\/\" \/>\n<meta property=\"og:locale\" content=\"en_US\" \/>\n<meta property=\"og:type\" content=\"article\" \/>\n<meta property=\"og:title\" content=\"Our commitments - IMAGINE NAILS\" \/>\n<meta property=\"og:description\" content=\"[vc_row][vc_column][vc_column_text][\/vc_column_text][\/vc_column][\/vc_row][vc_section full_width=&#8221;stretch_row_content&#8221; disable_element=&#8221;yes&#8221; el_class=&#8221;videoservices&#8221;][vc_row et_full_width=&#8221;true&#8221; css=&#8221;.vc_custom_1656058852298{background-position: center !important;background-repeat: no-repeat !important;background-size: cover !important;}&#8221;][vc_column css=&#8221;.vc_custom_1642344785539{background-image: url(https:\/\/lystes.com\/emmagencyparis\/wp-content\/uploads\/2022\/01\/gettyimages-1177822590.jpeg?id=749) !important;background-position: center !important;background-repeat: no-repeat !important;background-size: cover !important;}&#8221;][vc_empty_space height=&#8221;442px&#8221;][\/vc_column][\/vc_row][vc_row el_class=&#8221;blockoo&#8221;][vc_column el_class=&#8221;container&#8221;][vc_column_text] IMAGINE NAILS [\/vc_column_text][vc_column_text] Nos engagements [\/vc_column_text][vc_row_inner][vc_column_inner width=&#8221;1\/2&#8243;][vc_column_text] Chez IMAGINE NAILS, chaque formule est pens\u00e9e comme un hommage \u00e0 la peau. Depuis plusieurs ann\u00e9es, nous d\u00e9veloppons des [&hellip;]\" \/>\n<meta property=\"og:url\" content=\"https:\/\/imaginenailsparis.fr\/en\/our-commitments\/\" \/>\n<meta property=\"og:site_name\" content=\"IMAGINE NAILS\" \/>\n<meta property=\"article:modified_time\" content=\"2025-06-08T16:57:40+00:00\" \/>\n<meta property=\"og:image\" content=\"https:\/\/i0.wp.com\/imaginenailsparis.fr\/wp-content\/uploads\/2022\/06\/tatti-lashes-all-products-banner_2500x%402x-1.webp?fit=2500%2C1400&ssl=1\" \/>\n\t<meta property=\"og:image:width\" content=\"2500\" \/>\n\t<meta property=\"og:image:height\" content=\"1400\" \/>\n\t<meta property=\"og:image:type\" content=\"image\/webp\" \/>\n<meta name=\"twitter:card\" content=\"summary_large_image\" \/>\n<meta name=\"twitter:label1\" content=\"Est. reading time\" \/>\n\t<meta name=\"twitter:data1\" content=\"3 minutes\" \/>\n<script type=\"application\/ld+json\" class=\"yoast-schema-graph\">{\"@context\":\"https:\/\/schema.org\",\"@graph\":[{\"@type\":\"WebPage\",\"@id\":\"https:\/\/imaginenailsparis.fr\/en\/our-commitments\/\",\"url\":\"https:\/\/imaginenailsparis.fr\/en\/our-commitments\/\",\"name\":\"Our commitments - IMAGINE NAILS\",\"isPartOf\":{\"@id\":\"https:\/\/imaginenailsparis.fr\/en\/#website\"},\"primaryImageOfPage\":{\"@id\":\"https:\/\/imaginenailsparis.fr\/en\/our-commitments\/#primaryimage\"},\"image\":{\"@id\":\"https:\/\/imaginenailsparis.fr\/en\/our-commitments\/#primaryimage\"},\"thumbnailUrl\":\"https:\/\/i0.wp.com\/imaginenailsparis.fr\/wp-content\/uploads\/2022\/06\/tatti-lashes-all-products-banner_2500x%402x-1.webp?fit=2500%2C1400&ssl=1\",\"datePublished\":\"2022-01-14T11:19:42+00:00\",\"dateModified\":\"2025-06-08T16:57:40+00:00\",\"breadcrumb\":{\"@id\":\"https:\/\/imaginenailsparis.fr\/en\/our-commitments\/#breadcrumb\"},\"inLanguage\":\"en-US\",\"potentialAction\":[{\"@type\":\"ReadAction\",\"target\":[\"https:\/\/imaginenailsparis.fr\/en\/our-commitments\/\"]}]},{\"@type\":\"ImageObject\",\"inLanguage\":\"en-US\",\"@id\":\"https:\/\/imaginenailsparis.fr\/en\/our-commitments\/#primaryimage\",\"url\":\"https:\/\/i0.wp.com\/imaginenailsparis.fr\/wp-content\/uploads\/2022\/06\/tatti-lashes-all-products-banner_2500x%402x-1.webp?fit=2500%2C1400&ssl=1\",\"contentUrl\":\"https:\/\/i0.wp.com\/imaginenailsparis.fr\/wp-content\/uploads\/2022\/06\/tatti-lashes-all-products-banner_2500x%402x-1.webp?fit=2500%2C1400&ssl=1\",\"width\":2500,\"height\":1400},{\"@type\":\"BreadcrumbList\",\"@id\":\"https:\/\/imaginenailsparis.fr\/en\/our-commitments\/#breadcrumb\",\"itemListElement\":[{\"@type\":\"ListItem\",\"position\":1,\"name\":\"Accueil\",\"item\":\"https:\/\/imaginenailsparis.fr\/en\/\"},{\"@type\":\"ListItem\",\"position\":2,\"name\":\"Our commitments\"}]},{\"@type\":\"WebSite\",\"@id\":\"https:\/\/imaginenailsparis.fr\/en\/#website\",\"url\":\"https:\/\/imaginenailsparis.fr\/en\/\",\"name\":\"IMAGINE NAILS\",\"description\":\"L&#039;excellence sinon rien\",\"potentialAction\":[{\"@type\":\"SearchAction\",\"target\":{\"@type\":\"EntryPoint\",\"urlTemplate\":\"https:\/\/imaginenailsparis.fr\/en\/?s={search_term_string}\"},\"query-input\":{\"@type\":\"PropertyValueSpecification\",\"valueRequired\":true,\"valueName\":\"search_term_string\"}}],\"inLanguage\":\"en-US\"}]}<\/script>\n<!-- \/ Yoast SEO plugin. -->","yoast_head_json":{"title":"Our commitments - IMAGINE NAILS","robots":{"index":"index","follow":"follow","max-snippet":"max-snippet:-1","max-image-preview":"max-image-preview:large","max-video-preview":"max-video-preview:-1"},"canonical":"https:\/\/imaginenailsparis.fr\/en\/our-commitments\/","og_locale":"en_US","og_type":"article","og_title":"Our commitments - IMAGINE NAILS","og_description":"[vc_row][vc_column][vc_column_text][\/vc_column_text][\/vc_column][\/vc_row][vc_section full_width=&#8221;stretch_row_content&#8221; disable_element=&#8221;yes&#8221; el_class=&#8221;videoservices&#8221;][vc_row et_full_width=&#8221;true&#8221; css=&#8221;.vc_custom_1656058852298{background-position: center !important;background-repeat: no-repeat !important;background-size: cover !important;}&#8221;][vc_column css=&#8221;.vc_custom_1642344785539{background-image: url(https:\/\/lystes.com\/emmagencyparis\/wp-content\/uploads\/2022\/01\/gettyimages-1177822590.jpeg?id=749) !important;background-position: center !important;background-repeat: no-repeat !important;background-size: cover !important;}&#8221;][vc_empty_space height=&#8221;442px&#8221;][\/vc_column][\/vc_row][vc_row el_class=&#8221;blockoo&#8221;][vc_column el_class=&#8221;container&#8221;][vc_column_text] IMAGINE NAILS [\/vc_column_text][vc_column_text] Nos engagements [\/vc_column_text][vc_row_inner][vc_column_inner width=&#8221;1\/2&#8243;][vc_column_text] Chez IMAGINE NAILS, chaque formule est pens\u00e9e comme un hommage \u00e0 la peau. Depuis plusieurs ann\u00e9es, nous d\u00e9veloppons des [&hellip;]","og_url":"https:\/\/imaginenailsparis.fr\/en\/our-commitments\/","og_site_name":"IMAGINE NAILS","article_modified_time":"2025-06-08T16:57:40+00:00","og_image":[{"width":2500,"height":1400,"url":"https:\/\/i0.wp.com\/imaginenailsparis.fr\/wp-content\/uploads\/2022\/06\/tatti-lashes-all-products-banner_2500x%402x-1.webp?fit=2500%2C1400&ssl=1","type":"image\/webp"}],"twitter_card":"summary_large_image","twitter_misc":{"Est. reading time":"3 minutes"},"schema":{"@context":"https:\/\/schema.org","@graph":[{"@type":"WebPage","@id":"https:\/\/imaginenailsparis.fr\/en\/our-commitments\/","url":"https:\/\/imaginenailsparis.fr\/en\/our-commitments\/","name":"Our commitments - IMAGINE NAILS","isPartOf":{"@id":"https:\/\/imaginenailsparis.fr\/en\/#website"},"primaryImageOfPage":{"@id":"https:\/\/imaginenailsparis.fr\/en\/our-commitments\/#primaryimage"},"image":{"@id":"https:\/\/imaginenailsparis.fr\/en\/our-commitments\/#primaryimage"},"thumbnailUrl":"https:\/\/i0.wp.com\/imaginenailsparis.fr\/wp-content\/uploads\/2022\/06\/tatti-lashes-all-products-banner_2500x%402x-1.webp?fit=2500%2C1400&ssl=1","datePublished":"2022-01-14T11:19:42+00:00","dateModified":"2025-06-08T16:57:40+00:00","breadcrumb":{"@id":"https:\/\/imaginenailsparis.fr\/en\/our-commitments\/#breadcrumb"},"inLanguage":"en-US","potentialAction":[{"@type":"ReadAction","target":["https:\/\/imaginenailsparis.fr\/en\/our-commitments\/"]}]},{"@type":"ImageObject","inLanguage":"en-US","@id":"https:\/\/imaginenailsparis.fr\/en\/our-commitments\/#primaryimage","url":"https:\/\/i0.wp.com\/imaginenailsparis.fr\/wp-content\/uploads\/2022\/06\/tatti-lashes-all-products-banner_2500x%402x-1.webp?fit=2500%2C1400&ssl=1","contentUrl":"https:\/\/i0.wp.com\/imaginenailsparis.fr\/wp-content\/uploads\/2022\/06\/tatti-lashes-all-products-banner_2500x%402x-1.webp?fit=2500%2C1400&ssl=1","width":2500,"height":1400},{"@type":"BreadcrumbList","@id":"https:\/\/imaginenailsparis.fr\/en\/our-commitments\/#breadcrumb","itemListElement":[{"@type":"ListItem","position":1,"name":"Accueil","item":"https:\/\/imaginenailsparis.fr\/en\/"},{"@type":"ListItem","position":2,"name":"Our commitments"}]},{"@type":"WebSite","@id":"https:\/\/imaginenailsparis.fr\/en\/#website","url":"https:\/\/imaginenailsparis.fr\/en\/","name":"IMAGINE NAILS","description":"L&#039;excellence sinon rien","potentialAction":[{"@type":"SearchAction","target":{"@type":"EntryPoint","urlTemplate":"https:\/\/imaginenailsparis.fr\/en\/?s={search_term_string}"},"query-input":{"@type":"PropertyValueSpecification","valueRequired":true,"valueName":"search_term_string"}}],"inLanguage":"en-US"}]}},"_links":{"self":[{"href":"https:\/\/imaginenailsparis.fr\/en\/wp-json\/wp\/v2\/pages\/114422","targetHints":{"allow":["GET"]}}],"collection":[{"href":"https:\/\/imaginenailsparis.fr\/en\/wp-json\/wp\/v2\/pages"}],"about":[{"href":"https:\/\/imaginenailsparis.fr\/en\/wp-json\/wp\/v2\/types\/page"}],"author":[{"embeddable":true,"href":"https:\/\/imaginenailsparis.fr\/en\/wp-json\/wp\/v2\/users\/1"}],"replies":[{"embeddable":true,"href":"https:\/\/imaginenailsparis.fr\/en\/wp-json\/wp\/v2\/comments?post=114422"}],"version-history":[{"count":4,"href":"https:\/\/imaginenailsparis.fr\/en\/wp-json\/wp\/v2\/pages\/114422\/revisions"}],"predecessor-version":[{"id":119234,"href":"https:\/\/imaginenailsparis.fr\/en\/wp-json\/wp\/v2\/pages\/114422\/revisions\/119234"}],"wp:featuredmedia":[{"embeddable":true,"href":"https:\/\/imaginenailsparis.fr\/en\/wp-json\/wp\/v2\/media\/114423"}],"wp:attachment":[{"href":"https:\/\/imaginenailsparis.fr\/en\/wp-json\/wp\/v2\/media?parent=114422"}],"curies":[{"name":"wp","href":"https:\/\/api.w.org\/{rel}","templated":true}]}}